{"id":1767,"date":"2023-01-31T23:45:10","date_gmt":"2023-01-31T23:45:10","guid":{"rendered":"https:\/\/casacaravan.com.ar\/regulamentos\/"},"modified":"2023-02-08T02:17:10","modified_gmt":"2023-02-08T02:17:10","slug":"regulamentos","status":"publish","type":"page","link":"https:\/\/casacaravan.com.ar\/pt-br\/regulamentos\/","title":{"rendered":"Regulamentos"},"content":{"rendered":"<p>[et_pb_section fb_built=&#8221;1&#8243; _builder_version=&#8221;4.19.5&#8243; _module_preset=&#8221;default&#8221; background_image=&#8221;https:\/\/casacaravan.com.ar\/wp-content\/uploads\/2023\/01\/Espacios-5-Living.jpg&#8221; parallax=&#8221;on&#8221; custom_padding=&#8221;4%||9%||false|false&#8221; locked=&#8221;off&#8221; global_colors_info=&#8221;{}&#8221;][et_pb_row _builder_version=&#8221;4.19.2&#8243; _module_preset=&#8221;default&#8221; background_color=&#8221;rgba(237,233,223,0.41)&#8221; width=&#8221;70%&#8221; custom_margin=&#8221;50px||||false|false&#8221; custom_margin_tablet=&#8221;50px||||false|false&#8221; custom_margin_phone=&#8221;0px||||false|false&#8221; custom_margin_last_edited=&#8221;on|phone&#8221; custom_padding=&#8221;10.3%||10.3%||true|false&#8221; border_radii=&#8221;on|16px|16px|16px|16px&#8221; global_colors_info=&#8221;{}&#8221;][et_pb_column type=&#8221;4_4&#8243; _builder_version=&#8221;4.18.1&#8243; _module_preset=&#8221;default&#8221; global_colors_info=&#8221;{}&#8221;][et_pb_text content_tablet=&#8221;<\/p>\n<h1 style=%22text-align: center;%22>regulamentos<\/h1>\n<p>&#8221; content_phone=&#8221;<\/p>\n<h1 style=%22text-align: center;%22>regulamentos<\/h1>\n<p>&#8221; content_last_edited=&#8221;off|desktop&#8221; _builder_version=&#8221;4.19.5&#8243; _module_preset=&#8221;default&#8221; header_text_color=&#8221;#EDE9DF&#8221; header_font_size=&#8221;88px&#8221; custom_margin=&#8221;|-28px||0px|false|false&#8221; custom_margin_tablet=&#8221;0px|0px|-31px|0px|false|false&#8221; custom_margin_phone=&#8221;0px|0px|0px|0px|false|false&#8221; custom_margin_last_edited=&#8221;on|phone&#8221; animation_style=&#8221;fade&#8221; header_font_size_tablet=&#8221;73px&#8221; header_font_size_phone=&#8221;38px&#8221; header_font_size_last_edited=&#8221;on|phone&#8221; global_colors_info=&#8221;{}&#8221;]<\/p>\n<h1 style=\"text-align: center;\">regulamentos<\/h1>\n<p>[\/et_pb_text][\/et_pb_column][\/et_pb_row][et_pb_row use_custom_gutter=&#8221;on&#8221; gutter_width=&#8221;1&#8243; make_equal=&#8221;on&#8221; _builder_version=&#8221;4.19.0&#8243; _module_preset=&#8221;default&#8221; width=&#8221;95%&#8221; max_width=&#8221;1967px&#8221; global_colors_info=&#8221;{}&#8221;][et_pb_column type=&#8221;4_4&#8243; _builder_version=&#8221;4.18.1&#8243; _module_preset=&#8221;default&#8221; global_colors_info=&#8221;{}&#8221;][et_pb_image src=&#8221;https:\/\/casacaravan.com.ar\/wp-content\/uploads\/2022\/10\/basada-en-plantas-logo-1.png&#8221; title_text=&#8221;log\u00f3tipo com base em plantas&#8221; disabled_on=&#8221;on|on|off&#8221; _builder_version=&#8221;4.19.2&#8243; _module_preset=&#8221;default&#8221; width=&#8221;24%&#8221; module_alignment=&#8221;left&#8221; custom_margin=&#8221;-573px|||0px|false|false&#8221; custom_padding=&#8221;|0px||19px|false|false&#8221; animation_style=&#8221;fade&#8221; global_colors_info=&#8221;{}&#8221;][\/et_pb_image][\/et_pb_column][\/et_pb_row][\/et_pb_section][et_pb_section fb_built=&#8221;1&#8243; _builder_version=&#8221;4.18.1&#8243; _module_preset=&#8221;default&#8221; background_color=&#8221;#EDE9DF&#8221; global_colors_info=&#8221;{}&#8221;][et_pb_row _builder_version=&#8221;4.19.2&#8243; _module_preset=&#8221;default&#8221; custom_margin_tablet=&#8221;-22px||-34px||false|false&#8221; custom_margin_phone=&#8221;-22px||-34px||false|false&#8221; custom_margin_last_edited=&#8221;on|tablet&#8221; custom_padding=&#8221;7px|||||&#8221; global_colors_info=&#8221;{}&#8221;][et_pb_column type=&#8221;4_4&#8243; _builder_version=&#8221;4.18.1&#8243; _module_preset=&#8221;default&#8221; global_colors_info=&#8221;{}&#8221;][et_pb_text _builder_version=&#8221;4.19.5&#8243; _module_preset=&#8221;default&#8221; text_font=&#8221;Gotham||||||||&#8221; text_font_size=&#8221;20px&#8221; text_line_height=&#8221;1.4em&#8221; header_3_text_color=&#8221;#3E5C20&#8243; header_3_font_size=&#8221;30px&#8221; header_3_letter_spacing=&#8221;2px&#8221; header_3_line_height=&#8221;1.7em&#8221; custom_margin_tablet=&#8221;&#8221; custom_margin_phone=&#8221;||-8px||false|false&#8221; custom_margin_last_edited=&#8221;on|phone&#8221; header_3_font_size_tablet=&#8221;33px&#8221; header_3_font_size_phone=&#8221;23px&#8221; header_3_font_size_last_edited=&#8221;on|phone&#8221; global_colors_info=&#8221;{}&#8221;]<\/p>\n<p>Se atualmente est\u00e1 hospedado no Casa Caravan, em caminho, ou pensando em reservar com a gente, quem sabe, voc\u00ea gostaria de conhecer nossas regras e regulamentos. Seu objetivo \u00e9 que nosso Hostel seja um lugar feliz, seguro e respeitoso para todos os hospedes.<\/p>\n<p>Relembramos que a Casa Caravan \u00e9 um espa\u00e7o \u201cplant-based\u201d, o que significa que toda a nossa proposta \u00e9 livre de crueldade animal. Porque? Porque estamos convencidos de que, se queremos uma mudan\u00e7a no mundo, ela deve come\u00e7ar por n\u00f3s. Esperamos poder ser uma inspira\u00e7\u00e3o e n\u00e3o um &#8220;obst\u00e1culo&#8221; em sua jornada. Voc\u00ea pode nos fazer todas as perguntas que quiser antes de vir. Se isso \u00e9 algo com o qual voc\u00ea n\u00e3o concorda e n\u00e3o est\u00e1 aberto para saber, cancele sua reserva.<\/p>\n<h3>Check in (entrada)<\/h3>\n<p>&#8211; Entrada no quarto \u00e0s 14:00 horas. Os rec\u00e9m chegados ter\u00e3o suas acomoda\u00e7\u00f5es prontas desde as 02h00min PM. Os hospedes podem chegar antes e deixar sua bagagem no Hostel (sem taxa alguma). Podem tamb\u00e9m permanecer em \u00e1reas comuns.<\/p>\n<p>&#8211; Necessitamos que nos apresente somente alguma identifica\u00e7\u00e3o atual (com foto) quando chegue, seja o seu passaporte ou mesmo seu documento de identidade. Em caso de n\u00e3o possuir, o Hostel no poder\u00e1 hosped\u00e1-lo.<\/p>\n<h3>Check out (sa\u00edda)<\/h3>\n<p>&#8211; A sa\u00edda \u00e9 \u00e0s 11h00min AM. Se caso n\u00e3o possa cumprir com esta norma, te pediremos que pague a metade de uma<br \/>noite extra; sendo assim, se assegure de faz\u00ea-lo com tempo.<\/p>\n<p>&#8211; Podemos guardar a sua bagagem e pode ficar em \u00e1reas comunes.<\/p>\n<p>&#8211; Lembre-se que antes de ir dever\u00e1 ter que devolver: a roupa branca, as chaves, a pulseira e qualquer outra coisa que temos te emprestado ou alugado.<\/p>\n<h3>Acomoda\u00e7\u00e3o compartida<\/h3>\n<p>&#8211; \u00c9 reservado pela cama. Caso prefira uma cama superior ou inferior nos beliches, escreva-nos com o seu pedido e faremos o poss\u00edvel para guard\u00e1-la para si. <span>N\u00c3O PERMITIMOS RESERVAS DE GRUPOS MAIORES DE 3 PESSOAS.<\/span><\/p>\n<h3>Chaves<\/h3>\n<p>&#8211; Depois de fazer o check in, todos os h\u00f3spedes receber\u00e3o uma chave de acesso a sua acomoda\u00e7\u00e3o. A porta de entrada sempre ser\u00e1 aberta por um funcion\u00e1rio do staff, pedindo identifica\u00e7\u00e3o do hospede como medida de seguran\u00e7a.<\/p>\n<p>&#8211; Se caso voc\u00ea perca sua chave, cobraremos 5US$ para uma reposi\u00e7\u00e3o.<\/p>\n<h3>Restri\u00e7\u00f5es de idade<\/h3>\n<p>&#8211; Os menores de 18 anos somente podem se hospedar se vierem acompanhados de um respons\u00e1vel maior de idade. Favor consultar antes de reservar.<\/p>\n<h3>Pol\u00edtica de cancelamento (anula\u00e7\u00e3o) e de n\u00e3o comparecimento (n\u00e3o se aplica para as ofertas especiais)<\/h3>\n<p>&#8211; Dependendo do tipo de reserva e tarifa, voc\u00ea poder\u00e1 pagar antecipadamente ou na chegada (em qualquer caso, no momento da reserva, cobraremos uma garantia do seu cart\u00e3o de cr\u00e9dito).<\/p>\n<p>&#8211; Voc\u00ea pode cancelar a reserva at\u00e9 72 horas antes do check-in sem \u00f4nus.<\/p>\n<p>&#8211; Nas reservas canceladas (anuladas) com menos de 72 horas ou no caso de n\u00e3o compar\u00eancia, ser\u00e1 cobrado o valor de uma noite no cart\u00e3o de cr\u00e9dito.<\/p>\n<h3>Reservas<\/h3>\n<p>&#8211; Se n\u00e3o quiser reservar com seu cart\u00e3o de cr\u00e9dito, poder\u00e1 nos enviar um correio eletr\u00f4nico e a gente te proporcionar\u00e1 mais informa\u00e7\u00f5es sobre como proceder.<\/p>\n<h3>Comportamento dos h\u00f3spedes<\/h3>\n<p>&#8211; O conforto e a seguran\u00e7a de nossos clientes \u00e9 super importante para gente. Qualquer h\u00f3spede que, na opini\u00e3o de nosso staff, comprometa o conforto ou a seguran\u00e7a dos outros h\u00f3spedes, do staff ou dos vizinhos, se lhe solicitar\u00e1 deixar as instala\u00e7\u00f5es do hotel e n\u00e3o se lhe dar\u00e1 um reembolso. Os h\u00f3spedes<br \/>devem respeitar outros h\u00f3spedes, assim como ao pessoal e aos vizinhos.<\/p>\n<h3>Livre de fumo\/drogas<\/h3>\n<p>&#8211; Somente se permite fumar no jardim. N\u00e3o \u00e9 permitido fumar dentro de casa ou nas varandas. Qualquer h\u00f3spede encontrado fumando no interior da casa ser\u00e1 multado com<br \/>50US$.<\/p>\n<p>&#8211; O consumo de drogas \u00e9 ilegal na Argentina. N\u00e3o se pode consumir nenhum tipo de drogas em nenhuma parte do hostel. Do contr\u00e1rio, ser\u00e1 expulso imediatamente do Hostel e n\u00e3o se lhe dar\u00e1 um reembolso.<\/p>\n<h3>Consumo de \u00e1lcool<\/h3>\n<p>&#8211; S\u00f3 est\u00e1 permitido para h\u00f3spedes maiores de 18 anos.<\/p>\n<p>&#8211; N\u00e3o est\u00e1 permitida a entrada e consumo de \u00e1lcool no Hostel.<\/p>\n<p>&#8211; Lembre-se de que temos um bar e que somente se pode beber nas zonas comuns (n\u00e3o nas acomoda\u00e7\u00f5es).<\/p>\n<p>&#8211; Qualquer h\u00f3spede encontrado consumindo \u00e1lcool (n\u00e3o vendido por n\u00f3s) ser\u00e1 multado com 50US$.<\/p>\n<h3>Entrada ao Hostel<\/h3>\n<p>&#8211; Por motivos de seguran\u00e7a, n\u00e3o ser\u00e1 permitida de nenhuma maneira a entrada de pessoas que n\u00e3o est\u00e3o hospedadas no Hostel.<\/p>\n<p>&#8211; Em caso de querer convidar algum amigo para alguma de nossas atividades, por favor, avisar ao staff da recep\u00e7\u00e3o.<\/p>\n<h3>Propriedade Pessoal<\/h3>\n<p>&#8211; Em cada acomoda\u00e7\u00e3o vai encontrar lockers para guardar todas as suas cosas. Nos quartos privados s\u00f3 se tem acesso ao quarto.<\/p>\n<p>&#8211; No entanto, \u00e9 de responsabilidade do h\u00f3spede se assegurar de que seus pertences estejam seguros em todo o momento. Casa Caravan n\u00e3o aceita responsabilidade por perda, roubo ou dano \u00e0 propriedade dos h\u00f3spedes.<\/p>\n<h3>O dano \u00e0 propriedade de Casa Caravan<\/h3>\n<p>Os h\u00f3spedes dever\u00e3o reembolsar a quantidade correspondente ao bem danificado\/faltante por conduta inapropriada durante sua estadia.<\/p>\n<h3>Responsabilidade<\/h3>\n<p>&#8211; Casa Caravan limita sua responsabilidade ao valor dos servi\u00e7os de reserva.<\/p>\n<h3>Direito de admiss\u00e3o<\/h3>\n<p>Todas as reservas est\u00e3o sujeitas a disponibilidade. Casa Caravan se reserva no direto de negar qualquer reserva.<\/p>\n<h3>Empr\u00e9stimos<\/h3>\n<p>Emprestamos v\u00e1rios objetos como extens\u00e3o de tomada, secador de cabelo, carregadores, etc. Caso necessite de algo, ser-lhe-\u00e1 pedido um dep\u00f3sito antes de os utilizar. O dep\u00f3sito ser\u00e1 devolvido na sa\u00edda, se o mesmo se encontra nas mesmas condi\u00e7\u00f5es em que foi emprestado.<\/p>\n<h3>Alugu\u00e9is<\/h3>\n<p>Alugamos toalhas e bicicletas. Por favor, tenha em conta que, a parte da cota de aluguel, se te pedir\u00e1 um dep\u00f3sito antes de us\u00e1-los. O dep\u00f3sito ser\u00e1 devolvido na sa\u00edda, se o mesmo se encontra nas mesmas condi\u00e7\u00f5es em que foi emprestado.<\/p>\n<h3>Normas de conduta<\/h3>\n<p>\u2665 Manter as \u00e1reas comuns limpas, cozinha e banheiros (sobretudo), e, por favor, n\u00e3o coma nem beba nas acomoda\u00e7\u00f5es.<\/p>\n<p>\u2665 Por favor, n\u00e3o cozinhe nenhum tipo de carne em nossa cozinha.<\/p>\n<p>\u2665 Oferecemos um servi\u00e7o completo de lavandaria.<\/p>\n<p>\u2665 Se voc\u00ea fizer o check out cedo na parte da manh\u00e3, por favor, arrume suas coisas na noite anterior assim n\u00e3o incomoda os seus colegas de quarto.<\/p>\n<p>\u2665 Preferivelmente, coloque o celular no modo \u2018sil\u00eancio\u2019 durante a parte da noite.<\/p>\n<p>\u2665 Escreva seu nome na comida antes de guard\u00e1-la na geladeira.<\/p>\n<p>\u2665 N\u00e3o se permitem animais de estima\u00e7\u00e3o.<\/p>\n<h3>Hor\u00e1rios<\/h3>\n<p>&#8211; Recep\u00e7\u00e3o: Sempre haver\u00e1 algu\u00e9m do nosso staff na recep\u00e7\u00e3o, mas s\u00f3 poder\u00e1 realizar o check in\/out entre \u00e0s 8AM e \u00e0s 8PM. Caso, voc\u00ea se retira durante a madrugada, ter\u00e1 que fazer o check out no dia anterior. E, por gentileza, nos avise, caso chegue fora destes hor\u00e1rios.<\/p>\n<p>&#8211; Cozinha: Servimos caf\u00e9 da manh\u00e3 caseiro e local e \u201cplant based\u201d entre as 8.30AM e \u00e0s 10h30min AM. Na cozinha se pode utilizar todo o dia. Dada a nossa filosofia de vida, pedimos- lhe que n\u00e3o cozinhe carne de qualquer tipo na nossa cozinha.<\/p>\n<p>&#8211; Banheiros: Temos \u00e1gua quente \u00e0s 24 horas. Os banheiros s\u00f3 estar\u00e3o fechados enquanto est\u00e3o sendo limpos; por gentileza respeit\u00e1-lo!<\/p>\n<p>&#8211; As \u00e1reas comuns: Queremos que nossos h\u00f3spedes se divirtam e sejam amigos. Mas, por favor, mantenhamos o volume baixo depois da 1AM j\u00e1 que h\u00e1 v\u00e1rios h\u00f3spedes que precisam dormir.<\/p>\n<p>&#8211; Bar: Estar\u00e1 aberto desde 7PM at\u00e9 a 1AM. Os dias de eventos especiais ser\u00e3o publicados.<\/p>\n<p>&#8211; Piscina: Estar\u00e1 aberta desde 10AM at\u00e9 as 8PM, durante a temporada primavera\/ver\u00e3o.<\/p>\n<p>*USD$ a taxa de c\u00e2mbio ser\u00e1 publicada.<\/p>\n<p>[\/et_pb_text][\/et_pb_column][\/et_pb_row][\/et_pb_section]<\/p>\n","protected":false},"excerpt":{"rendered":"<p>regulamentosSe atualmente est\u00e1 hospedado no Casa Caravan, em caminho, ou pensando em reservar com a gente, quem sabe, voc\u00ea gostaria de conhecer nossas regras e regulamentos. Seu objetivo \u00e9 que nosso Hostel seja um lugar feliz, seguro e respeitoso para todos os hospedes. Relembramos que a Casa Caravan \u00e9 um espa\u00e7o \u201cplant-based\u201d, o que significa que toda a nossa proposta \u00e9 livre de crueldade animal. Porque? Porque estamos convencidos de que, se queremos uma mudan\u00e7a no mundo, ela deve come\u00e7ar por n\u00f3s. Esperamos poder ser uma inspira\u00e7\u00e3o e n\u00e3o um &#8220;obst\u00e1culo&#8221; em sua jornada. Voc\u00ea pode nos fazer todas as perguntas que quiser antes de vir. Se isso \u00e9 algo com o qual voc\u00ea n\u00e3o concorda e n\u00e3o est\u00e1 aberto para saber, cancele sua reserva. Check in (entrada) &#8211; Entrada no quarto \u00e0s 14:00 horas. Os rec\u00e9m chegados ter\u00e3o suas acomoda\u00e7\u00f5es prontas desde as 02h00min PM. Os hospedes podem chegar antes e deixar sua bagagem no Hostel (sem taxa alguma). Podem tamb\u00e9m permanecer em \u00e1reas comuns. &#8211; Necessitamos que nos apresente somente alguma identifica\u00e7\u00e3o atual (com foto) quando chegue, seja o seu passaporte ou mesmo seu documento de identidade. Em caso de n\u00e3o possuir, o Hostel no poder\u00e1 hosped\u00e1-lo. Check [&hellip;]<\/p>\n","protected":false},"author":2,"featured_media":0,"parent":0,"menu_order":0,"comment_status":"closed","ping_status":"closed","template":"","meta":{"_et_pb_use_builder":"on","_et_pb_old_content":"","_et_gb_content_width":"","_monsterinsights_skip_tracking":false,"_monsterinsights_sitenote_active":false,"_monsterinsights_sitenote_note":"","_monsterinsights_sitenote_category":0,"footnotes":""},"difl_page_category":[],"class_list":["post-1767","page","type-page","status-publish","hentry"],"yoast_head":"<!-- This site is optimized with the Yoast SEO plugin v27.3 - https:\/\/yoast.com\/product\/yoast-seo-wordpress\/ -->\n<title>Regulamentos | Casa Caravan<\/title>\n<meta name=\"description\" content=\"Mucho m\u00e1s que un hotel. Una casa basada en plantas en la que podr\u00e1s alojarte, venir a trabajar o conectar con tu interior en nuestra sala de bienestar. Welcome to Buenos Aires!\" \/>\n<meta name=\"robots\" content=\"index, follow, max-snippet:-1, max-image-preview:large, max-video-preview:-1\" \/>\n<link rel=\"canonical\" href=\"https:\/\/casacaravan.com.ar\/pt-br\/regulamentos\/\" \/>\n<meta property=\"og:locale\" content=\"pt_BR\" \/>\n<meta property=\"og:type\" content=\"article\" \/>\n<meta property=\"og:title\" content=\"Regulamentos | Casa Caravan\" \/>\n<meta property=\"og:description\" content=\"Mucho m\u00e1s que un hotel. Una casa basada en plantas en la que podr\u00e1s alojarte, venir a trabajar o conectar con tu interior en nuestra sala de bienestar. Welcome to Buenos Aires!\" \/>\n<meta property=\"og:url\" content=\"https:\/\/casacaravan.com.ar\/pt-br\/regulamentos\/\" \/>\n<meta property=\"og:site_name\" content=\"Casa Caravan\" \/>\n<meta property=\"article:modified_time\" content=\"2023-02-08T02:17:10+00:00\" \/>\n<meta property=\"og:image\" content=\"https:\/\/casacaravan.com.ar\/wp-content\/uploads\/2023\/01\/plantas.jpg\" \/>\n\t<meta property=\"og:image:width\" content=\"1920\" \/>\n\t<meta property=\"og:image:height\" content=\"1282\" \/>\n\t<meta property=\"og:image:type\" content=\"image\/jpeg\" \/>\n<meta name=\"twitter:card\" content=\"summary_large_image\" \/>\n<meta name=\"twitter:label1\" content=\"Est. tempo de leitura\" \/>\n\t<meta name=\"twitter:data1\" content=\"9 minutos\" \/>\n<script type=\"application\/ld+json\" class=\"yoast-schema-graph\">{\"@context\":\"https:\\\/\\\/schema.org\",\"@graph\":[{\"@type\":\"WebPage\",\"@id\":\"https:\\\/\\\/casacaravan.com.ar\\\/pt-br\\\/regulamentos\\\/\",\"url\":\"https:\\\/\\\/casacaravan.com.ar\\\/pt-br\\\/regulamentos\\\/\",\"name\":\"Regulamentos | Casa Caravan\",\"isPartOf\":{\"@id\":\"https:\\\/\\\/casacaravan.com.ar\\\/#website\"},\"datePublished\":\"2023-01-31T23:45:10+00:00\",\"dateModified\":\"2023-02-08T02:17:10+00:00\",\"description\":\"Mucho m\u00e1s que un hotel. Una casa basada en plantas en la que podr\u00e1s alojarte, venir a trabajar o conectar con tu interior en nuestra sala de bienestar. Welcome to Buenos Aires!\",\"breadcrumb\":{\"@id\":\"https:\\\/\\\/casacaravan.com.ar\\\/pt-br\\\/regulamentos\\\/#breadcrumb\"},\"inLanguage\":\"pt-BR\",\"potentialAction\":[{\"@type\":\"ReadAction\",\"target\":[\"https:\\\/\\\/casacaravan.com.ar\\\/pt-br\\\/regulamentos\\\/\"]}]},{\"@type\":\"BreadcrumbList\",\"@id\":\"https:\\\/\\\/casacaravan.com.ar\\\/pt-br\\\/regulamentos\\\/#breadcrumb\",\"itemListElement\":[{\"@type\":\"ListItem\",\"position\":1,\"name\":\"Portada\",\"item\":\"https:\\\/\\\/casacaravan.com.ar\\\/pt-br\\\/\"},{\"@type\":\"ListItem\",\"position\":2,\"name\":\"Regulamentos\"}]},{\"@type\":\"WebSite\",\"@id\":\"https:\\\/\\\/casacaravan.com.ar\\\/#website\",\"url\":\"https:\\\/\\\/casacaravan.com.ar\\\/\",\"name\":\"Casa Caravan\",\"description\":\"Buenos Aires\",\"potentialAction\":[{\"@type\":\"SearchAction\",\"target\":{\"@type\":\"EntryPoint\",\"urlTemplate\":\"https:\\\/\\\/casacaravan.com.ar\\\/?s={search_term_string}\"},\"query-input\":{\"@type\":\"PropertyValueSpecification\",\"valueRequired\":true,\"valueName\":\"search_term_string\"}}],\"inLanguage\":\"pt-BR\"}]}<\/script>\n<!-- \/ Yoast SEO plugin. -->","yoast_head_json":{"title":"Regulamentos | Casa Caravan","description":"Mucho m\u00e1s que un hotel. Una casa basada en plantas en la que podr\u00e1s alojarte, venir a trabajar o conectar con tu interior en nuestra sala de bienestar. Welcome to Buenos Aires!","robots":{"index":"index","follow":"follow","max-snippet":"max-snippet:-1","max-image-preview":"max-image-preview:large","max-video-preview":"max-video-preview:-1"},"canonical":"https:\/\/casacaravan.com.ar\/pt-br\/regulamentos\/","og_locale":"pt_BR","og_type":"article","og_title":"Regulamentos | Casa Caravan","og_description":"Mucho m\u00e1s que un hotel. Una casa basada en plantas en la que podr\u00e1s alojarte, venir a trabajar o conectar con tu interior en nuestra sala de bienestar. Welcome to Buenos Aires!","og_url":"https:\/\/casacaravan.com.ar\/pt-br\/regulamentos\/","og_site_name":"Casa Caravan","article_modified_time":"2023-02-08T02:17:10+00:00","og_image":[{"width":1920,"height":1282,"url":"https:\/\/casacaravan.com.ar\/wp-content\/uploads\/2023\/01\/plantas.jpg","type":"image\/jpeg"}],"twitter_card":"summary_large_image","twitter_misc":{"Est. tempo de leitura":"9 minutos"},"schema":{"@context":"https:\/\/schema.org","@graph":[{"@type":"WebPage","@id":"https:\/\/casacaravan.com.ar\/pt-br\/regulamentos\/","url":"https:\/\/casacaravan.com.ar\/pt-br\/regulamentos\/","name":"Regulamentos | Casa Caravan","isPartOf":{"@id":"https:\/\/casacaravan.com.ar\/#website"},"datePublished":"2023-01-31T23:45:10+00:00","dateModified":"2023-02-08T02:17:10+00:00","description":"Mucho m\u00e1s que un hotel. Una casa basada en plantas en la que podr\u00e1s alojarte, venir a trabajar o conectar con tu interior en nuestra sala de bienestar. Welcome to Buenos Aires!","breadcrumb":{"@id":"https:\/\/casacaravan.com.ar\/pt-br\/regulamentos\/#breadcrumb"},"inLanguage":"pt-BR","potentialAction":[{"@type":"ReadAction","target":["https:\/\/casacaravan.com.ar\/pt-br\/regulamentos\/"]}]},{"@type":"BreadcrumbList","@id":"https:\/\/casacaravan.com.ar\/pt-br\/regulamentos\/#breadcrumb","itemListElement":[{"@type":"ListItem","position":1,"name":"Portada","item":"https:\/\/casacaravan.com.ar\/pt-br\/"},{"@type":"ListItem","position":2,"name":"Regulamentos"}]},{"@type":"WebSite","@id":"https:\/\/casacaravan.com.ar\/#website","url":"https:\/\/casacaravan.com.ar\/","name":"Casa Caravan","description":"Buenos Aires","potentialAction":[{"@type":"SearchAction","target":{"@type":"EntryPoint","urlTemplate":"https:\/\/casacaravan.com.ar\/?s={search_term_string}"},"query-input":{"@type":"PropertyValueSpecification","valueRequired":true,"valueName":"search_term_string"}}],"inLanguage":"pt-BR"}]}},"_links":{"self":[{"href":"https:\/\/casacaravan.com.ar\/pt-br\/wp-json\/wp\/v2\/pages\/1767","targetHints":{"allow":["GET"]}}],"collection":[{"href":"https:\/\/casacaravan.com.ar\/pt-br\/wp-json\/wp\/v2\/pages"}],"about":[{"href":"https:\/\/casacaravan.com.ar\/pt-br\/wp-json\/wp\/v2\/types\/page"}],"author":[{"embeddable":true,"href":"https:\/\/casacaravan.com.ar\/pt-br\/wp-json\/wp\/v2\/users\/2"}],"replies":[{"embeddable":true,"href":"https:\/\/casacaravan.com.ar\/pt-br\/wp-json\/wp\/v2\/comments?post=1767"}],"version-history":[{"count":15,"href":"https:\/\/casacaravan.com.ar\/pt-br\/wp-json\/wp\/v2\/pages\/1767\/revisions"}],"predecessor-version":[{"id":1909,"href":"https:\/\/casacaravan.com.ar\/pt-br\/wp-json\/wp\/v2\/pages\/1767\/revisions\/1909"}],"wp:attachment":[{"href":"https:\/\/casacaravan.com.ar\/pt-br\/wp-json\/wp\/v2\/media?parent=1767"}],"wp:term":[{"taxonomy":"difl_page_category","embeddable":true,"href":"https:\/\/casacaravan.com.ar\/pt-br\/wp-json\/wp\/v2\/difl_page_category?post=1767"}],"curies":[{"name":"wp","href":"https:\/\/api.w.org\/{rel}","templated":true}]}}